{"id":114,"date":"2015-03-16T21:04:57","date_gmt":"2015-03-16T21:04:57","guid":{"rendered":"http:\/\/jorritabrahams.nl\/starhotel-wp\/?page_id=114"},"modified":"2024-04-30T17:27:59","modified_gmt":"2024-04-30T17:27:59","slug":"iletisim","status":"publish","type":"page","link":"https:\/\/acarpansiyon.com\/index.php\/iletisim\/","title":{"rendered":"\u0130leti\u015fim"},"content":{"rendered":"<section class=\"wpb-content-wrapper\">[vc_row][vc_column width=&#8221;2\/3&#8243;]\n        <h2 class=\"lined-heading mt50\">\n            <span>\n            Hakk\u0131m\u0131zda\n            <\/span>\n        <\/h2>\n        [vc_column_text]\u015eehrin kalabal\u0131\u011f\u0131ndan ve g\u00fcr\u00fclt\u00fcs\u00fcnden uzak, \u00e7am ve \u00e7i\u00e7ek kokular\u0131n\u0131n birbirine kar\u0131\u015ft\u0131\u011f\u0131, denizin mavisinin orman\u0131n ye\u015fili ile bulu\u015ftu\u011fu\u00a0bir yer hayal edin&#8230; \u0130\u015fte bu\u00a0do\u011fal alan\u0131 ah\u015fap bungalowlarla birle\u015ftiren Acar Pansiyon, Antalya Olympos&#8217;ta misafirlerine 2003 y\u0131l\u0131ndan beri ev s\u0131cakl\u0131\u011f\u0131nda bir hizmet veriyor.<\/p>\n<p>Sevdiklerinizle beraber keyifle ve g\u00fcvenle tatil yapabilece\u011finiz Acar Pansiyon, misafirleri ile aile atmosferini\u00a0yakalamaya s\u00fcrd\u00fcrmeye \u00f6nem veren, \u00e7al\u0131\u015fanlar\u0131n\u0131n da aile oldu\u011fu bir i\u015fletme.\u00a0Odalar\u0131nda da bu s\u0131cakl\u0131\u011f\u0131 ve samimiyeti yakalamaya \u00e7al\u0131\u015fan tesisin ah\u015fap bungalowlar\u0131 portakal ve nar bah\u00e7eleri i\u00e7ine in\u015fa edilmi\u015f ve hepsinde tuvalet, du\u015f, sa\u00e7 kurutma makinesi,\u00a0klima ve \u00fccretsiz kablosuz internet mevcut.<\/p>\n<p>Y\u0131l\u0131n 12 ay\u0131 a\u00e7\u0131k olan pansiyonda\u00a0a\u00e7\u0131k b\u00fcfe kahvalt ve ak\u015fam yeme\u011fi servis ediliyor. Ayr\u0131ca\u00a0misafirler t\u00fcm s\u0131cak i\u00e7e\u00e7eklerden \u00fccretsiz faydalan\u0131yor.<\/p>\n<p>Denize 2.5 kilometre y\u00fcr\u00fcme mesafesinde olan Acar Pansiyon&#8217;da havuz tercih eden misafiler i\u00e7in ise\u00a0bir adet a\u00e7\u0131k y\u00fczme havuzu bulunuyor. Macera seven misafirler i\u00e7in t\u0131rmanma, rafting ve dal\u0131\u015f gibi aktiviteler konusunda y\u00f6nlendirmeler yapan tesis, tekne ve yanarta\u015f turlar\u0131 da d\u00fczenliyor.[\/vc_column_text][vc_column_text]Please import the contact form 7 by adding a new element.[\/vc_column_text][\/vc_column][vc_column width=&#8221;1\/3&#8243;]\n        <h2 class=\"lined-heading mt50\">\n            <span>\n            Adres\n            <\/span>\n        <\/h2>\n        \n\n<div class=\"mfp_open\"><a href=\"https:\/\/acarpansiyon.com\/wp-content\/uploads\/2024\/04\/Ekran-goruntusu-2024-04-30-201521.jpg\" title=\"\"><img decoding=\"async\" src=\"https:\/\/acarpansiyon.com\/wp-content\/uploads\/2024\/04\/Ekran-goruntusu-2024-04-30-201521.jpg\" alt=\"\" class=\"img-thumbnail img-responsive\"><\/a><\/div>\n  [vc_column_text]\n<address class=\"mt50\"><strong>Acar Pansiyon<\/strong><br \/>\nOlimpos \/ Kumluca<br \/>\nAntalya<br \/>\n<abbr title=\"Phone\">P:<\/abbr> <a href=\"tel:\/\/+90 (536) 416 27 38\">+90 (536) 416 27 38<\/a><br \/>\n<abbr title=\"Email\">E:<\/abbr> <a href=\"mailto:acarpansiyon@hotmail.com\"><i class=\"fa fa-envelope\"><\/i>\u00a0acarpansiyon@hotmail.com<\/a><br \/>\n<abbr title=\"Website\">W:<\/abbr> <a href=\"#\">www.acarpansiyon.com<\/a><\/address>\n[\/vc_column_text][\/vc_column][\/vc_row]\n<\/section>","protected":false},"excerpt":{"rendered":"<p>[vc_row][vc_column width=&#8221;2\/3&#8243;][vc_column_text]\u015eehrin kalabal\u0131\u011f\u0131ndan ve g\u00fcr\u00fclt\u00fcs\u00fcnden uzak, \u00e7am ve \u00e7i\u00e7ek kokular\u0131n\u0131n birbirine kar\u0131\u015ft\u0131\u011f\u0131, denizin mavisinin orman\u0131n ye\u015fili ile bulu\u015ftu\u011fu\u00a0bir yer hayal edin&#8230; \u0130\u015fte bu\u00a0do\u011fal alan\u0131 ah\u015fap bungalowlarla birle\u015ftiren Acar Pansiyon, Antalya Olympos&#8217;ta misafirlerine 2003 y\u0131l\u0131ndan beri ev s\u0131cakl\u0131\u011f\u0131nda bir hizmet veriyor. Sevdiklerinizle beraber keyifle ve g\u00fcvenle tatil yapabilece\u011finiz Acar Pansiyon, misafirleri ile aile atmosferini\u00a0yakalamaya s\u00fcrd\u00fcrmeye \u00f6nem [&hellip;]<\/p>\n","protected":false},"author":1,"featured_media":0,"parent":0,"menu_order":0,"comment_status":"open","ping_status":"closed","template":"page-google-maps-header.php","meta":{"footnotes":""},"class_list":["post-114","page","type-page","status-publish","hentry"],"_links":{"self":[{"href":"https:\/\/acarpansiyon.com\/index.php\/wp-json\/wp\/v2\/pages\/114","targetHints":{"allow":["GET"]}}],"collection":[{"href":"https:\/\/acarpansiyon.com\/index.php\/wp-json\/wp\/v2\/pages"}],"about":[{"href":"https:\/\/acarpansiyon.com\/index.php\/wp-json\/wp\/v2\/types\/page"}],"author":[{"embeddable":true,"href":"https:\/\/acarpansiyon.com\/index.php\/wp-json\/wp\/v2\/users\/1"}],"replies":[{"embeddable":true,"href":"https:\/\/acarpansiyon.com\/index.php\/wp-json\/wp\/v2\/comments?post=114"}],"version-history":[{"count":5,"href":"https:\/\/acarpansiyon.com\/index.php\/wp-json\/wp\/v2\/pages\/114\/revisions"}],"predecessor-version":[{"id":259,"href":"https:\/\/acarpansiyon.com\/index.php\/wp-json\/wp\/v2\/pages\/114\/revisions\/259"}],"wp:attachment":[{"href":"https:\/\/acarpansiyon.com\/index.php\/wp-json\/wp\/v2\/media?parent=114"}],"curies":[{"name":"wp","href":"https:\/\/api.w.org\/{rel}","templated":true}]}}