{"id":8,"date":"2015-03-14T16:04:07","date_gmt":"2015-03-14T16:04:07","guid":{"rendered":"http:\/\/jorritabrahams.nl\/starhotel-wp\/?page_id=8"},"modified":"2024-05-04T15:08:51","modified_gmt":"2024-05-04T15:08:51","slug":"anasayfa","status":"publish","type":"page","link":"https:\/\/acarpansiyon.com\/","title":{"rendered":"Ana Sayfa"},"content":{"rendered":"<section class=\"wpb-content-wrapper\">[vc_row css=&#8221;.vc_custom_1464780107818{margin-top: 50px !important;}&#8221;][vc_column]\n        <h2 class=\"lined-heading mt50\">\n            <span>\n            Odalar\n            <\/span>\n        <\/h2>\n        \n    <!-- Rooms -->\n    <div class=\"rooms mt110\">\n        <div class=\"row room-list\">\n            \n                    <!-- Room -->\n                                        <div class=\"col-sm-4 \">\n                                                <div class=\"room-thumb\">\n                            <img loading=\"lazy\" decoding=\"async\" width=\"356\" height=\"228\" src=\"https:\/\/acarpansiyon.com\/wp-content\/uploads\/2015\/03\/acar-cift-iki-tek-yatakli-oda-356px.jpg\" class=\"img-responsive wp-post-image\" alt=\"\" srcset=\"https:\/\/acarpansiyon.com\/wp-content\/uploads\/2015\/03\/acar-cift-iki-tek-yatakli-oda-356px.jpg 356w, https:\/\/acarpansiyon.com\/wp-content\/uploads\/2015\/03\/acar-cift-iki-tek-yatakli-oda-356px-300x192.jpg 300w\" sizes=\"auto, (max-width: 356px) 100vw, 356px\" \/>                            <div class=\"mask\">\n                                <div class=\"main\">\n                                    <h5>\u00c7ift Ve \u0130ki Tek Yatakl\u0131 Bungalov<\/h5>\n                                                                    <\/div>\n                                <div class=\"content\">\n                                                                        <p><span>4 Ki\u015filik Oda<\/span><\/p>\n\n                                    <div class=\"row\">\n                                        <div class=\"col-xs-6\">\n                                            <ul class=\"list-unstyled\">\n                                                <li><i class='fa fa-check-circle'><\/i> Kahvalt\u0131 Ve Ak\u015fam Yeme\u011fi Dahil<\/li><li><i class='fa fa-check-circle'><\/i> Du\u015f &amp; Tuvalet<\/li><li><i class='fa fa-check-circle'><\/i> Klima<\/li>                                            <\/ul>\n                                        <\/div>\n                                        <div class=\"col-xs-6\">\n                                            <ul class=\"list-unstyled\">\n                                                <li><i class='fa fa-check-circle'><\/i> Sa\u00e7 Kurutma Makinas\u0131<\/li>                                            <\/ul>\n                                        <\/div>\n                                    <\/div>\n                                    <a href=\"https:\/\/acarpansiyon.com\/index.php\/room\/ciftveikitekyataklibungalov\/\" class=\"btn btn-primary btn-block\"> Book now <\/a>\n                                <\/div>\n                            <\/div>\n                        <\/div>\n                    <\/div>\n                \n                    <!-- Room -->\n                                        <div class=\"col-sm-4 \">\n                                                <div class=\"room-thumb\">\n                            <img loading=\"lazy\" decoding=\"async\" width=\"356\" height=\"228\" src=\"https:\/\/acarpansiyon.com\/wp-content\/uploads\/2015\/03\/acar-oda356.jpg\" class=\"img-responsive wp-post-image\" alt=\"\" srcset=\"https:\/\/acarpansiyon.com\/wp-content\/uploads\/2015\/03\/acar-oda356.jpg 356w, https:\/\/acarpansiyon.com\/wp-content\/uploads\/2015\/03\/acar-oda356-300x192.jpg 300w\" sizes=\"auto, (max-width: 356px) 100vw, 356px\" \/>                            <div class=\"mask\">\n                                <div class=\"main\">\n                                    <h5>\u00c7ift Ve Tek Yatakl\u0131 Bungalov<\/h5>\n                                    <div class='price'> \u20ac 79<span>a night<\/span><\/div>                                <\/div>\n                                <div class=\"content\">\n                                                                        <p><span>A modern hotel room in Star Hotel<\/span>Nunc tempor erat in magna pulvinar fermentum. Pellentesque scelerisque at leo nec vestibulum. malesuada metus.<\/p>\n\n                                    <div class=\"row\">\n                                        <div class=\"col-xs-6\">\n                                            <ul class=\"list-unstyled\">\n                                                <li><i class='fa fa-check-circle'><\/i> Incl. breakfast<\/li><li><i class='fa fa-check-circle'><\/i> Private balcony<\/li><li><i class='fa fa-check-circle'><\/i> Sea view<\/li>                                            <\/ul>\n                                        <\/div>\n                                        <div class=\"col-xs-6\">\n                                            <ul class=\"list-unstyled\">\n                                                <li><i class='fa fa-check-circle'><\/i> Free Wi-Fi<\/li><li><i class='fa fa-check-circle'><\/i> Incl. breakfast<\/li><li><i class='fa fa-check-circle'><\/i> Bathroom<\/li>                                            <\/ul>\n                                        <\/div>\n                                    <\/div>\n                                    <a href=\"https:\/\/acarpansiyon.com\/index.php\/room\/ciftvetekyataklioda\/\" class=\"btn btn-primary btn-block\"> Book now <\/a>\n                                <\/div>\n                            <\/div>\n                        <\/div>\n                    <\/div>\n                \n                    <!-- Room -->\n                                        <div class=\"col-sm-4 \">\n                                                <div class=\"room-thumb\">\n                            <img loading=\"lazy\" decoding=\"async\" width=\"342\" height=\"228\" src=\"https:\/\/acarpansiyon.com\/wp-content\/uploads\/2015\/03\/20230514-SSM36326-2.jpg\" class=\"img-responsive wp-post-image\" alt=\"\" srcset=\"https:\/\/acarpansiyon.com\/wp-content\/uploads\/2015\/03\/20230514-SSM36326-2.jpg 342w, https:\/\/acarpansiyon.com\/wp-content\/uploads\/2015\/03\/20230514-SSM36326-2-300x200.jpg 300w\" sizes=\"auto, (max-width: 342px) 100vw, 342px\" \/>                            <div class=\"mask\">\n                                <div class=\"main\">\n                                    <h5>\u00c7ift ve \u0130ki Tek Yatakl\u0131 Oda ( Beton Yap\u0131 )<\/h5>\n                                    <div class='price'> \u20ac 79<span>a night<\/span><\/div>                                <\/div>\n                                <div class=\"content\">\n                                                                        <p><span>A modern hotel room in Star Hotel<\/span>Nunc tempor erat in magna pulvinar fermentum. Pellentesque scelerisque at leo nec vestibulum. malesuada metus.<\/p>\n\n                                    <div class=\"row\">\n                                        <div class=\"col-xs-6\">\n                                            <ul class=\"list-unstyled\">\n                                                <li><i class='fa fa-check-circle'><\/i> Incl. breakfast<\/li><li><i class='fa fa-check-circle'><\/i> Private balcony<\/li><li><i class='fa fa-check-circle'><\/i> Sea view<\/li>                                            <\/ul>\n                                        <\/div>\n                                        <div class=\"col-xs-6\">\n                                            <ul class=\"list-unstyled\">\n                                                <li><i class='fa fa-check-circle'><\/i> Free Wi-Fi<\/li><li><i class='fa fa-check-circle'><\/i> Incl. breakfast<\/li><li><i class='fa fa-check-circle'><\/i> Bathroom<\/li>                                            <\/ul>\n                                        <\/div>\n                                    <\/div>\n                                    <a href=\"https:\/\/acarpansiyon.com\/index.php\/room\/ciftveikitekyataklibetonoda\/\" class=\"btn btn-primary btn-block\"> Book now <\/a>\n                                <\/div>\n                            <\/div>\n                        <\/div>\n                    <\/div>\n                                                    \n        <\/div>\n    <\/div>\n    [\/vc_column][\/vc_row][vc_row css=&#8221;.vc_custom_1464780117347{margin-top: 50px !important;}&#8221;][vc_column]\n        <h2 class=\"lined-heading mt50\">\n            <span>\n            Tesis Olanaklar\u0131\n            <\/span>\n        <\/h2>\n        [vc_row_inner][vc_column_inner width=&#8221;1\/4&#8243;]\n    <div class=\"usp\">\n        <div class=\"box-icon\">\n                <div class=\"circle\"><i class=\"fa fas fa-bed fa-lg\"><\/i><\/div>\n                <h3>Farkl\u0131 Oda Tipleri<\/h3>\n                <p>Tesisimizde betonarme veya ah\u015fap yap\u0131larda konaklama imkan\u0131 bulunmaktad\u0131r.<\/p>\n        <\/div>\n    <\/div>\n    [\/vc_column_inner][vc_column_inner width=&#8221;1\/4&#8243;]\n    <div class=\"usp\">\n        <div class=\"box-icon\">\n                <div class=\"circle\"><i class=\"fa fas fa-swimming-pool fa-lg\"><\/i><\/div>\n                <h3>Y\u00fczme Havuzu<\/h3>\n                <p>\u00c7ocuklar i\u00e7in k\u00fc\u00e7\u00fck ve yeti\u015fkinler b\u00fcy\u00fck y\u00fczme havuzu<\/p>\n        <\/div>\n    <\/div>\n    [\/vc_column_inner][vc_column_inner width=&#8221;1\/4&#8243;]\n    <div class=\"usp\">\n        <div class=\"box-icon\">\n                <div class=\"circle\"><i class=\"fa fas fa-utensils fa-lg\"><\/i><\/div>\n                <h3>Restoran<\/h3>\n                <p>Restoran\u0131m\u0131zda kahvalt\u0131 ve ak\u015fam yeme\u011fi saatleri d\u0131\u015f\u0131nda da g\u00fcn\u00fcn her saati farkl\u0131 lezzetleri tadabilirsiniz.<\/p>\n<\/p>\n        <\/div>\n    <\/div>\n    [\/vc_column_inner][vc_column_inner width=&#8221;1\/4&#8243;]\n    <div class=\"usp\">\n        <div class=\"box-icon\">\n                <div class=\"circle\"><i class=\"fa fas fa-hiking fa-lg\"><\/i><\/div>\n                <h3>Aktiviteler<\/h3>\n                <p>Olimpos&#8217;ta yapabilece\u011finiz onlarca aktivite aras\u0131ndan birini se\u00e7in. G\u00fcn\u00fcbirlik tekne turlar\u0131 ve Yanarta\u015f turlar\u0131, Kaya t\u0131rman\u0131\u015f\u0131 ve Atv bunlardan yaln\u0131zca bir ka\u00e7\u0131.<\/p>\n        <\/div>\n    <\/div>\n    [\/vc_column_inner][\/vc_row_inner][\/vc_column][\/vc_row][vc_row full_width=&#8221;stretch_row_content_no_spaces&#8221; css=&#8221;.vc_custom_1464780134072{margin-top: 50px !important;}&#8221;][vc_column]\n    <div id=\"map\">\n    <\/div>[\/vc_column][\/vc_row][vc_row css=&#8221;.vc_custom_1464780153190{margin-top: 50px !important;}&#8221;][vc_column]\n        <h2 class=\"lined-heading mt50\">\n            <span>\n            Galeri\n            <\/span>\n        <\/h2>\n        [\/vc_column][\/vc_row][vc_row full_width=&#8221;stretch_row_content_no_spaces&#8221;][vc_column]<div class=\"carousel\">\n    <div id=\"owl-gallery\" class=\"owl-carousel\">\n       <div class=\"item mfp_open\"><a href=\"https:\/\/acarpansiyon.com\/wp-content\/uploads\/2024\/05\/2.jpg\"><img decoding=\"async\" src=\"https:\/\/acarpansiyon.com\/wp-content\/uploads\/2024\/05\/2.jpg\"\/><i class=\"fa fa-search\"><\/i><\/a><\/div>    <div class=\"item mfp_open\"><a href=\"https:\/\/acarpansiyon.com\/wp-content\/uploads\/2024\/05\/3.jpg\"><img decoding=\"async\" src=\"https:\/\/acarpansiyon.com\/wp-content\/uploads\/2024\/05\/3.jpg\"\/><i class=\"fa fa-search\"><\/i><\/a><\/div>    <div class=\"item mfp_open\"><a href=\"https:\/\/acarpansiyon.com\/wp-content\/uploads\/2024\/05\/4.jpg\"><img decoding=\"async\" src=\"https:\/\/acarpansiyon.com\/wp-content\/uploads\/2024\/05\/4.jpg\"\/><i class=\"fa fa-search\"><\/i><\/a><\/div>    <div class=\"item mfp_open\"><a href=\"https:\/\/acarpansiyon.com\/wp-content\/uploads\/2024\/05\/5.jpg\"><img decoding=\"async\" src=\"https:\/\/acarpansiyon.com\/wp-content\/uploads\/2024\/05\/5.jpg\"\/><i class=\"fa fa-search\"><\/i><\/a><\/div>    <div class=\"item mfp_open\"><a href=\"https:\/\/acarpansiyon.com\/wp-content\/uploads\/2024\/05\/6.jpg\"><img decoding=\"async\" src=\"https:\/\/acarpansiyon.com\/wp-content\/uploads\/2024\/05\/6.jpg\"\/><i class=\"fa fa-search\"><\/i><\/a><\/div>    <div class=\"item mfp_open\"><a href=\"https:\/\/acarpansiyon.com\/wp-content\/uploads\/2024\/05\/1.jpg\"><img decoding=\"async\" src=\"https:\/\/acarpansiyon.com\/wp-content\/uploads\/2024\/05\/1.jpg\"\/><i class=\"fa fa-search\"><\/i><\/a><\/div>     <\/div>\n<\/div>\n[\/vc_column][\/vc_row][vc_row css=&#8221;.vc_custom_1464780159970{margin-top: 25px !important;}&#8221;][vc_column offset=&#8221;vc_col-lg-6 vc_col-md-12&#8243;]\n        <h2 class=\"lined-heading mt50\">\n            <span>\n            Hotel Tabs\n            <\/span>\n        <\/h2>\n        [vc_tabs interval=&#8221;0&#8243;][vc_tab title=&#8221;Our hotels&#8221; tab_id=&#8221;1426451739947-6&#8243;][vc_column_text]\u015eehrin kalabal\u0131\u011f\u0131ndan ve g\u00fcr\u00fclt\u00fcs\u00fcnden uzak, \u00e7am ve \u00e7i\u00e7ek kokular\u0131n\u0131n birbirine kar\u0131\u015ft\u0131\u011f\u0131, denizin mavisinin orman\u0131n ye\u015fili ile bulu\u015ftu\u011fu\u00a0bir yer hayal edin\u2026 \u0130\u015fte bu\u00a0do\u011fal alan\u0131 ah\u015fap bungalowlarla birle\u015ftiren Acar Pansiyon, Antalya Olympos\u2019ta misafirlerine 2003 y\u0131l\u0131ndan beri ev s\u0131cakl\u0131\u011f\u0131nda bir hizmet veriyor.<\/p>\n<p>Sevdiklerinizle beraber keyifle ve g\u00fcvenle tatil yapabilece\u011finiz Acar Pansiyon, misafirleri ile aile atmosferini\u00a0yakalamaya s\u00fcrd\u00fcrmeye \u00f6nem veren, \u00e7al\u0131\u015fanlar\u0131n\u0131n da aile oldu\u011fu bir i\u015fletme.\u00a0Odalar\u0131nda da bu s\u0131cakl\u0131\u011f\u0131 ve samimiyeti yakalamaya \u00e7al\u0131\u015fan tesisin ah\u015fap bungalowlar\u0131 portakal ve nar bah\u00e7eleri i\u00e7ine in\u015fa edilmi\u015f ve hepsinde tuvalet, du\u015f, sa\u00e7 kurutma makinesi,\u00a0klima ve \u00fccretsiz kablosuz internet mevcut.<\/p>\n<p><img loading=\"lazy\" decoding=\"async\" class=\"alignnone size-medium wp-image-279\" src=\"https:\/\/acarpansiyon.com\/wp-content\/uploads\/2024\/05\/Acar-197PX.png\" alt=\"\" width=\"197\" height=\"148\" \/>Y\u0131l\u0131n 12 ay\u0131 a\u00e7\u0131k olan pansiyonda\u00a0a\u00e7\u0131k b\u00fcfe kahvalt ve ak\u015fam yeme\u011fi servis ediliyor. Ayr\u0131ca\u00a0misafirler t\u00fcm s\u0131cak i\u00e7e\u00e7eklerden \u00fccretsiz faydalan\u0131yor.<\/p>\n<p>Denize 2.5 kilometre y\u00fcr\u00fcme mesafesinde olan Acar Pansiyon\u2019da havuz tercih eden misafiler i\u00e7in ise\u00a0bir adet a\u00e7\u0131k y\u00fczme havuzu bulunuyor. Macera seven misafirler i\u00e7in t\u0131rmanma, rafting ve dal\u0131\u015f gibi aktiviteler konusunda y\u00f6nlendirmeler yapan tesis, tekne ve yanarta\u015f turlar\u0131 da d\u00fczenliyor.[\/vc_column_text][\/vc_tab][vc_tab title=&#8221;Events&#8221; tab_id=&#8221;1426451740153-2&#8243;][vc_column_text]Phasellus sodales justo felis, a vestibulum risus mattis vitae. Aliquam vitae varius elit, non facilisis massa. Vestibulum luctus diam mollis gravida bibendum. Aliquam mattis velit dolor, sit amet semper erat auctor vel. Integer auctor in dui ac vehicula. Integer fermentum nunc ut arcu feugiat, nec placerat nunc tincidunt. Pellentesque in massa eu augue placerat cursus sed quis magna.[\/vc_column_text][\/vc_tab][vc_tab title=&#8221;Kids&#8221; tab_id=&#8221;1426451835576-2-5&#8243;][vc_column_text]Lorem ipsum dolor sit amet, consectetur adipiscing elit. Ut elit tellus, luctus nec ullamcorper mattis, pulvinar dapibus leo.[\/vc_column_text][\/vc_tab][\/vc_tabs][\/vc_column][\/vc_row]\n<\/section>","protected":false},"excerpt":{"rendered":"<p>[vc_row css=&#8221;.vc_custom_1464780107818{margin-top: 50px !important;}&#8221;][vc_column][\/vc_column][\/vc_row][vc_row css=&#8221;.vc_custom_1464780117347{margin-top: 50px !important;}&#8221;][vc_column][vc_row_inner][vc_column_inner width=&#8221;1\/4&#8243;][\/vc_column_inner][vc_column_inner width=&#8221;1\/4&#8243;][\/vc_column_inner][vc_column_inner width=&#8221;1\/4&#8243;][\/vc_column_inner][vc_column_inner width=&#8221;1\/4&#8243;][\/vc_column_inner][\/vc_row_inner][\/vc_column][\/vc_row][vc_row full_width=&#8221;stretch_row_content_no_spaces&#8221; css=&#8221;.vc_custom_1464780134072{margin-top: 50px !important;}&#8221;][vc_column][\/vc_column][\/vc_row][vc_row css=&#8221;.vc_custom_1464780153190{margin-top: 50px !important;}&#8221;][vc_column][\/vc_column][\/vc_row][vc_row full_width=&#8221;stretch_row_content_no_spaces&#8221;][vc_column][\/vc_column][\/vc_row][vc_row css=&#8221;.vc_custom_1464780159970{margin-top: 25px !important;}&#8221;][vc_column offset=&#8221;vc_col-lg-6 vc_col-md-12&#8243;][vc_tabs interval=&#8221;0&#8243;][vc_tab title=&#8221;Our hotels&#8221; tab_id=&#8221;1426451739947-6&#8243;][vc_column_text]\u015eehrin kalabal\u0131\u011f\u0131ndan ve g\u00fcr\u00fclt\u00fcs\u00fcnden uzak, \u00e7am ve \u00e7i\u00e7ek kokular\u0131n\u0131n birbirine kar\u0131\u015ft\u0131\u011f\u0131, denizin mavisinin orman\u0131n ye\u015fili ile bulu\u015ftu\u011fu\u00a0bir yer hayal edin\u2026 \u0130\u015fte bu\u00a0do\u011fal alan\u0131 ah\u015fap bungalowlarla birle\u015ftiren Acar Pansiyon, [&hellip;]<\/p>\n","protected":false},"author":1,"featured_media":0,"parent":0,"menu_order":0,"comment_status":"open","ping_status":"closed","template":"page-slider-reservation.php","meta":{"footnotes":""},"class_list":["post-8","page","type-page","status-publish","hentry"],"_links":{"self":[{"href":"https:\/\/acarpansiyon.com\/index.php\/wp-json\/wp\/v2\/pages\/8","targetHints":{"allow":["GET"]}}],"collection":[{"href":"https:\/\/acarpansiyon.com\/index.php\/wp-json\/wp\/v2\/pages"}],"about":[{"href":"https:\/\/acarpansiyon.com\/index.php\/wp-json\/wp\/v2\/types\/page"}],"author":[{"embeddable":true,"href":"https:\/\/acarpansiyon.com\/index.php\/wp-json\/wp\/v2\/users\/1"}],"replies":[{"embeddable":true,"href":"https:\/\/acarpansiyon.com\/index.php\/wp-json\/wp\/v2\/comments?post=8"}],"version-history":[{"count":12,"href":"https:\/\/acarpansiyon.com\/index.php\/wp-json\/wp\/v2\/pages\/8\/revisions"}],"predecessor-version":[{"id":248,"href":"https:\/\/acarpansiyon.com\/index.php\/wp-json\/wp\/v2\/pages\/8\/revisions\/248"}],"wp:attachment":[{"href":"https:\/\/acarpansiyon.com\/index.php\/wp-json\/wp\/v2\/media?parent=8"}],"curies":[{"name":"wp","href":"https:\/\/api.w.org\/{rel}","templated":true}]}}